{"id":177,"date":"2022-07-25T01:06:09","date_gmt":"2022-07-25T00:06:09","guid":{"rendered":"http:\/\/tavernephoto.be\/?page_id=177"},"modified":"2022-07-25T19:51:16","modified_gmt":"2022-07-25T18:51:16","slug":"graphisme-imprimerie","status":"publish","type":"page","link":"https:\/\/tavernephoto.be\/index.php\/graphisme-imprimerie\/","title":{"rendered":"Graphisme &#8211; Imprimerie"},"content":{"rendered":"\n<p>Je vous propose aujourd&rsquo;hui mes services de Graphiste et de Web Designer pour toutes vos communications graphiques et internet. Je cr\u00e9e et r\u00e9alise pour vous des plaquettes, des brochures, votre image d\u2019entreprise, vos campagnes de promotion dans la presse, vos affiches, vos films publicitaires, votre site internet, votre magazine d&rsquo;entreprise, vos E-mailings, votre communication sur les r\u00e9seaux sociaux, votre logo, votre newsletters ou encore la communication de vos \u00e9v\u00e9nements.<\/p>\n\n\n\n<p><\/p>\n\n\n\n<div class=\"wp-block-columns is-layout-flex wp-container-5\">\n<div class=\"wp-block-column is-layout-flow\" style=\"flex-basis:100%\">\n<div class=\"wp-block-columns is-layout-flex wp-container-3\">\n<div class=\"wp-block-column is-layout-flow\" style=\"flex-basis:50%\">\n<p>Cr\u00e9ation de logo<br>Cr\u00e9ation de Flyers, tracts, d\u00e9pliants.<br>Cr\u00e9ation de cartes de visite.<br>Brochures.<br>Panneaux publicitaires.<br>Films publicitaires, vid\u00e9oclips, teasers.<br>Animation Stop Motion<br>Cr\u00e9ation de votre site Web<br><\/p>\n<\/div>\n\n\n\n<div class=\"wp-block-column is-layout-flow\" style=\"flex-basis:50%\">\n<figure class=\"wp-block-image size-full\"><img decoding=\"async\" loading=\"lazy\" width=\"842\" height=\"595\" src=\"http:\/\/tavernephoto.be\/wp-content\/uploads\/2022\/07\/Recto-Programme-2017.jpg\" alt=\"\" class=\"wp-image-234\" srcset=\"https:\/\/tavernephoto.be\/wp-content\/uploads\/2022\/07\/Recto-Programme-2017.jpg 842w, https:\/\/tavernephoto.be\/wp-content\/uploads\/2022\/07\/Recto-Programme-2017-300x212.jpg 300w, https:\/\/tavernephoto.be\/wp-content\/uploads\/2022\/07\/Recto-Programme-2017-768x543.jpg 768w, https:\/\/tavernephoto.be\/wp-content\/uploads\/2022\/07\/Recto-Programme-2017-495x350.jpg 495w\" sizes=\"(max-width: 842px) 100vw, 842px\" \/><\/figure>\n<\/div>\n<\/div>\n<\/div>\n<\/div>\n\n\n\n<figure class=\"wp-block-gallery has-nested-images columns-default is-cropped wp-block-gallery-6 is-layout-flex\">\n<figure class=\"wp-block-image size-large\"><img decoding=\"async\" loading=\"lazy\" width=\"761\" height=\"1024\" data-id=\"313\"  src=\"http:\/\/tavernephoto.be\/wp-content\/uploads\/2022\/07\/Gala-de-danse-2016-copie-1-761x1024.jpg\" alt=\"\" class=\"wp-image-313\" srcset=\"https:\/\/tavernephoto.be\/wp-content\/uploads\/2022\/07\/Gala-de-danse-2016-copie-1-761x1024.jpg 761w, https:\/\/tavernephoto.be\/wp-content\/uploads\/2022\/07\/Gala-de-danse-2016-copie-1-223x300.jpg 223w, https:\/\/tavernephoto.be\/wp-content\/uploads\/2022\/07\/Gala-de-danse-2016-copie-1-768x1034.jpg 768w, https:\/\/tavernephoto.be\/wp-content\/uploads\/2022\/07\/Gala-de-danse-2016-copie-1-1141x1536.jpg 1141w, https:\/\/tavernephoto.be\/wp-content\/uploads\/2022\/07\/Gala-de-danse-2016-copie-1-1521x2048.jpg 1521w, https:\/\/tavernephoto.be\/wp-content\/uploads\/2022\/07\/Gala-de-danse-2016-copie-1-scaled.jpg 1901w\" sizes=\"(max-width: 761px) 100vw, 761px\" \/><\/figure>\n\n\n\n<figure class=\"wp-block-image size-large\"><img decoding=\"async\" loading=\"lazy\" width=\"185\" height=\"254\" data-id=\"310\"  src=\"http:\/\/tavernephoto.be\/wp-content\/uploads\/2022\/07\/affiche-aca5.jpg\" alt=\"\" class=\"wp-image-310\"\/><\/figure>\n\n\n\n<figure class=\"wp-block-image size-full\"><img decoding=\"async\" loading=\"lazy\" width=\"185\" height=\"254\" data-id=\"312\"  src=\"http:\/\/tavernephoto.be\/wp-content\/uploads\/2022\/07\/affiche-aca4-1.jpg\" alt=\"\" class=\"wp-image-312\"\/><\/figure>\n\n\n\n<figure class=\"wp-block-image size-large\"><img decoding=\"async\" loading=\"lazy\" width=\"185\" height=\"254\" data-id=\"308\"  src=\"http:\/\/tavernephoto.be\/wp-content\/uploads\/2022\/07\/affiche-aca3.jpg\" alt=\"\" class=\"wp-image-308\"\/><\/figure>\n\n\n\n<figure class=\"wp-block-image size-large\"><img decoding=\"async\" loading=\"lazy\" width=\"683\" height=\"1024\" data-id=\"233\"  src=\"http:\/\/tavernephoto.be\/wp-content\/uploads\/2022\/07\/Affiche-festival-last-version-683x1024.jpg\" alt=\"\" class=\"wp-image-233\" srcset=\"https:\/\/tavernephoto.be\/wp-content\/uploads\/2022\/07\/Affiche-festival-last-version-683x1024.jpg 683w, https:\/\/tavernephoto.be\/wp-content\/uploads\/2022\/07\/Affiche-festival-last-version-200x300.jpg 200w, https:\/\/tavernephoto.be\/wp-content\/uploads\/2022\/07\/Affiche-festival-last-version-768x1152.jpg 768w, https:\/\/tavernephoto.be\/wp-content\/uploads\/2022\/07\/Affiche-festival-last-version-1024x1536.jpg 1024w, https:\/\/tavernephoto.be\/wp-content\/uploads\/2022\/07\/Affiche-festival-last-version-233x350.jpg 233w, https:\/\/tavernephoto.be\/wp-content\/uploads\/2022\/07\/Affiche-festival-last-version.jpg 1134w\" sizes=\"(max-width: 683px) 100vw, 683px\" \/><\/figure>\n\n\n\n<figure class=\"wp-block-image size-large\"><img decoding=\"async\" loading=\"lazy\" width=\"185\" height=\"254\" data-id=\"306\"  src=\"http:\/\/tavernephoto.be\/wp-content\/uploads\/2022\/07\/affiche-aca1.jpg\" alt=\"\" class=\"wp-image-306\"\/><\/figure>\n\n\n\n<figure class=\"wp-block-image size-large\"><img decoding=\"async\" loading=\"lazy\" width=\"1901\" height=\"2560\" data-id=\"245\"  src=\"http:\/\/tavernephoto.be\/wp-content\/uploads\/2022\/07\/Format-A5-copie-scaled.jpg\" alt=\"\" class=\"wp-image-245\" srcset=\"https:\/\/tavernephoto.be\/wp-content\/uploads\/2022\/07\/Format-A5-copie-scaled.jpg 1901w, https:\/\/tavernephoto.be\/wp-content\/uploads\/2022\/07\/Format-A5-copie-223x300.jpg 223w, https:\/\/tavernephoto.be\/wp-content\/uploads\/2022\/07\/Format-A5-copie-761x1024.jpg 761w, https:\/\/tavernephoto.be\/wp-content\/uploads\/2022\/07\/Format-A5-copie-768x1034.jpg 768w, https:\/\/tavernephoto.be\/wp-content\/uploads\/2022\/07\/Format-A5-copie-1141x1536.jpg 1141w, https:\/\/tavernephoto.be\/wp-content\/uploads\/2022\/07\/Format-A5-copie-1521x2048.jpg 1521w, https:\/\/tavernephoto.be\/wp-content\/uploads\/2022\/07\/Format-A5-copie-260x350.jpg 260w\" sizes=\"(max-width: 1901px) 100vw, 1901px\" \/><\/figure>\n\n\n\n<figure class=\"wp-block-image size-large\"><img decoding=\"async\" loading=\"lazy\" width=\"420\" height=\"595\" data-id=\"230\"  src=\"http:\/\/tavernephoto.be\/wp-content\/uploads\/2022\/07\/affiche-deano-web.jpg\" alt=\"\" class=\"wp-image-230\" srcset=\"https:\/\/tavernephoto.be\/wp-content\/uploads\/2022\/07\/affiche-deano-web.jpg 420w, https:\/\/tavernephoto.be\/wp-content\/uploads\/2022\/07\/affiche-deano-web-212x300.jpg 212w, https:\/\/tavernephoto.be\/wp-content\/uploads\/2022\/07\/affiche-deano-web-247x350.jpg 247w\" sizes=\"(max-width: 420px) 100vw, 420px\" \/><\/figure>\n\n\n\n<figure class=\"wp-block-image size-large\"><img decoding=\"async\" loading=\"lazy\" width=\"761\" height=\"1024\" data-id=\"240\"  src=\"http:\/\/tavernephoto.be\/wp-content\/uploads\/2022\/07\/Casse-noisette-761x1024.jpg\" alt=\"\" class=\"wp-image-240\" srcset=\"https:\/\/tavernephoto.be\/wp-content\/uploads\/2022\/07\/Casse-noisette-761x1024.jpg 761w, https:\/\/tavernephoto.be\/wp-content\/uploads\/2022\/07\/Casse-noisette-223x300.jpg 223w, https:\/\/tavernephoto.be\/wp-content\/uploads\/2022\/07\/Casse-noisette-768x1034.jpg 768w, https:\/\/tavernephoto.be\/wp-content\/uploads\/2022\/07\/Casse-noisette-1141x1536.jpg 1141w, https:\/\/tavernephoto.be\/wp-content\/uploads\/2022\/07\/Casse-noisette-1521x2048.jpg 1521w, https:\/\/tavernephoto.be\/wp-content\/uploads\/2022\/07\/Casse-noisette-260x350.jpg 260w, https:\/\/tavernephoto.be\/wp-content\/uploads\/2022\/07\/Casse-noisette-scaled.jpg 1901w\" sizes=\"(max-width: 761px) 100vw, 761px\" \/><\/figure>\n\n\n\n<figure class=\"wp-block-image size-large\"><img decoding=\"async\" loading=\"lazy\" width=\"1817\" height=\"2560\" data-id=\"232\"  src=\"http:\/\/tavernephoto.be\/wp-content\/uploads\/2022\/07\/Guingette-Mars-2017-scaled.jpg\" alt=\"\" class=\"wp-image-232\" srcset=\"https:\/\/tavernephoto.be\/wp-content\/uploads\/2022\/07\/Guingette-Mars-2017-scaled.jpg 1817w, https:\/\/tavernephoto.be\/wp-content\/uploads\/2022\/07\/Guingette-Mars-2017-213x300.jpg 213w, https:\/\/tavernephoto.be\/wp-content\/uploads\/2022\/07\/Guingette-Mars-2017-727x1024.jpg 727w, https:\/\/tavernephoto.be\/wp-content\/uploads\/2022\/07\/Guingette-Mars-2017-768x1082.jpg 768w, https:\/\/tavernephoto.be\/wp-content\/uploads\/2022\/07\/Guingette-Mars-2017-1090x1536.jpg 1090w, https:\/\/tavernephoto.be\/wp-content\/uploads\/2022\/07\/Guingette-Mars-2017-1454x2048.jpg 1454w, https:\/\/tavernephoto.be\/wp-content\/uploads\/2022\/07\/Guingette-Mars-2017-248x350.jpg 248w\" sizes=\"(max-width: 1817px) 100vw, 1817px\" \/><\/figure>\n\n\n\n<figure class=\"wp-block-image size-full\"><img decoding=\"async\" loading=\"lazy\" width=\"595\" height=\"842\" data-id=\"229\"  src=\"http:\/\/tavernephoto.be\/wp-content\/uploads\/2022\/07\/Projet-Halloween-2021.jpg\" alt=\"\" class=\"wp-image-229\" srcset=\"https:\/\/tavernephoto.be\/wp-content\/uploads\/2022\/07\/Projet-Halloween-2021.jpg 595w, https:\/\/tavernephoto.be\/wp-content\/uploads\/2022\/07\/Projet-Halloween-2021-212x300.jpg 212w, https:\/\/tavernephoto.be\/wp-content\/uploads\/2022\/07\/Projet-Halloween-2021-247x350.jpg 247w\" sizes=\"(max-width: 595px) 100vw, 595px\" \/><\/figure>\n\n\n\n<figure class=\"wp-block-image size-large\"><img decoding=\"async\" loading=\"lazy\" width=\"595\" height=\"842\" data-id=\"236\"  src=\"http:\/\/tavernephoto.be\/wp-content\/uploads\/2022\/07\/Affiche-BAT-15.09.jpg\" alt=\"\" class=\"wp-image-236\" srcset=\"https:\/\/tavernephoto.be\/wp-content\/uploads\/2022\/07\/Affiche-BAT-15.09.jpg 595w, https:\/\/tavernephoto.be\/wp-content\/uploads\/2022\/07\/Affiche-BAT-15.09-212x300.jpg 212w, https:\/\/tavernephoto.be\/wp-content\/uploads\/2022\/07\/Affiche-BAT-15.09-247x350.jpg 247w\" sizes=\"(max-width: 595px) 100vw, 595px\" \/><\/figure>\n\n\n\n<figure class=\"wp-block-image size-large\"><img decoding=\"async\" loading=\"lazy\" width=\"842\" height=\"1191\" data-id=\"226\"  src=\"http:\/\/tavernephoto.be\/wp-content\/uploads\/2022\/07\/Projet-affiche-festival-2019.jpg\" alt=\"\" class=\"wp-image-226\" srcset=\"https:\/\/tavernephoto.be\/wp-content\/uploads\/2022\/07\/Projet-affiche-festival-2019.jpg 842w, https:\/\/tavernephoto.be\/wp-content\/uploads\/2022\/07\/Projet-affiche-festival-2019-212x300.jpg 212w, https:\/\/tavernephoto.be\/wp-content\/uploads\/2022\/07\/Projet-affiche-festival-2019-724x1024.jpg 724w, https:\/\/tavernephoto.be\/wp-content\/uploads\/2022\/07\/Projet-affiche-festival-2019-768x1086.jpg 768w, https:\/\/tavernephoto.be\/wp-content\/uploads\/2022\/07\/Projet-affiche-festival-2019-247x350.jpg 247w\" sizes=\"(max-width: 842px) 100vw, 842px\" \/><\/figure>\n\n\n\n<figure class=\"wp-block-image size-large\"><img decoding=\"async\" loading=\"lazy\" width=\"740\" height=\"1024\" data-id=\"319\"  src=\"http:\/\/tavernephoto.be\/wp-content\/uploads\/2022\/07\/POP-740x1024.jpg\" alt=\"\" class=\"wp-image-319\" srcset=\"https:\/\/tavernephoto.be\/wp-content\/uploads\/2022\/07\/POP-740x1024.jpg 740w, https:\/\/tavernephoto.be\/wp-content\/uploads\/2022\/07\/POP-217x300.jpg 217w, https:\/\/tavernephoto.be\/wp-content\/uploads\/2022\/07\/POP-768x1063.jpg 768w, https:\/\/tavernephoto.be\/wp-content\/uploads\/2022\/07\/POP-1110x1536.jpg 1110w, https:\/\/tavernephoto.be\/wp-content\/uploads\/2022\/07\/POP-1480x2048.jpg 1480w, https:\/\/tavernephoto.be\/wp-content\/uploads\/2022\/07\/POP-scaled.jpg 1850w\" sizes=\"(max-width: 740px) 100vw, 740px\" \/><\/figure>\n\n\n\n<figure class=\"wp-block-image size-large\"><img decoding=\"async\" loading=\"lazy\" width=\"185\" height=\"254\" data-id=\"310\"  src=\"http:\/\/tavernephoto.be\/wp-content\/uploads\/2022\/07\/affiche-aca5.jpg\" alt=\"\" class=\"wp-image-310\"\/><\/figure>\n\n\n\n<figure class=\"wp-block-image size-large\"><img decoding=\"async\" loading=\"lazy\" width=\"842\" height=\"1191\" data-id=\"228\"  src=\"http:\/\/tavernephoto.be\/wp-content\/uploads\/2022\/07\/Souper-Concert-Version-Web.jpg\" alt=\"\" class=\"wp-image-228\" srcset=\"https:\/\/tavernephoto.be\/wp-content\/uploads\/2022\/07\/Souper-Concert-Version-Web.jpg 842w, https:\/\/tavernephoto.be\/wp-content\/uploads\/2022\/07\/Souper-Concert-Version-Web-212x300.jpg 212w, https:\/\/tavernephoto.be\/wp-content\/uploads\/2022\/07\/Souper-Concert-Version-Web-724x1024.jpg 724w, https:\/\/tavernephoto.be\/wp-content\/uploads\/2022\/07\/Souper-Concert-Version-Web-768x1086.jpg 768w, https:\/\/tavernephoto.be\/wp-content\/uploads\/2022\/07\/Souper-Concert-Version-Web-247x350.jpg 247w\" sizes=\"(max-width: 842px) 100vw, 842px\" \/><\/figure>\n\n\n\n<figure class=\"wp-block-image size-full\"><img decoding=\"async\" loading=\"lazy\" width=\"185\" height=\"254\" data-id=\"311\"  src=\"http:\/\/tavernephoto.be\/wp-content\/uploads\/2022\/07\/affichepotes.jpg\" alt=\"\" class=\"wp-image-311\"\/><\/figure>\n\n\n\n<figure class=\"wp-block-image size-large\"><img decoding=\"async\" loading=\"lazy\" width=\"1901\" height=\"2560\" data-id=\"241\"  src=\"http:\/\/tavernephoto.be\/wp-content\/uploads\/2022\/07\/concert-annuel-2016-scaled.jpg\" alt=\"\" class=\"wp-image-241\" srcset=\"https:\/\/tavernephoto.be\/wp-content\/uploads\/2022\/07\/concert-annuel-2016-scaled.jpg 1901w, https:\/\/tavernephoto.be\/wp-content\/uploads\/2022\/07\/concert-annuel-2016-223x300.jpg 223w, https:\/\/tavernephoto.be\/wp-content\/uploads\/2022\/07\/concert-annuel-2016-761x1024.jpg 761w, https:\/\/tavernephoto.be\/wp-content\/uploads\/2022\/07\/concert-annuel-2016-768x1034.jpg 768w, https:\/\/tavernephoto.be\/wp-content\/uploads\/2022\/07\/concert-annuel-2016-1141x1536.jpg 1141w, https:\/\/tavernephoto.be\/wp-content\/uploads\/2022\/07\/concert-annuel-2016-1521x2048.jpg 1521w, https:\/\/tavernephoto.be\/wp-content\/uploads\/2022\/07\/concert-annuel-2016-260x350.jpg 260w\" sizes=\"(max-width: 1901px) 100vw, 1901px\" \/><\/figure>\n\n\n\n<figure class=\"wp-block-image size-large\"><img decoding=\"async\" loading=\"lazy\" width=\"741\" height=\"1024\" data-id=\"231\"  src=\"http:\/\/tavernephoto.be\/wp-content\/uploads\/2022\/07\/Affiche-mady-741x1024.jpg\" alt=\"\" class=\"wp-image-231\" srcset=\"https:\/\/tavernephoto.be\/wp-content\/uploads\/2022\/07\/Affiche-mady-741x1024.jpg 741w, https:\/\/tavernephoto.be\/wp-content\/uploads\/2022\/07\/Affiche-mady-217x300.jpg 217w, https:\/\/tavernephoto.be\/wp-content\/uploads\/2022\/07\/Affiche-mady-768x1061.jpg 768w, https:\/\/tavernephoto.be\/wp-content\/uploads\/2022\/07\/Affiche-mady-1111x1536.jpg 1111w, https:\/\/tavernephoto.be\/wp-content\/uploads\/2022\/07\/Affiche-mady-1482x2048.jpg 1482w, https:\/\/tavernephoto.be\/wp-content\/uploads\/2022\/07\/Affiche-mady-253x350.jpg 253w, https:\/\/tavernephoto.be\/wp-content\/uploads\/2022\/07\/Affiche-mady-scaled.jpg 1852w\" sizes=\"(max-width: 741px) 100vw, 741px\" \/><\/figure>\n\n\n\n<figure class=\"wp-block-image size-full\"><img decoding=\"async\" loading=\"lazy\" width=\"425\" height=\"595\" data-id=\"237\"  src=\"http:\/\/tavernephoto.be\/wp-content\/uploads\/2022\/07\/concert-annuel-2015-projet2-1.jpg\" alt=\"\" class=\"wp-image-237\" srcset=\"https:\/\/tavernephoto.be\/wp-content\/uploads\/2022\/07\/concert-annuel-2015-projet2-1.jpg 425w, https:\/\/tavernephoto.be\/wp-content\/uploads\/2022\/07\/concert-annuel-2015-projet2-1-214x300.jpg 214w, https:\/\/tavernephoto.be\/wp-content\/uploads\/2022\/07\/concert-annuel-2015-projet2-1-250x350.jpg 250w\" sizes=\"(max-width: 425px) 100vw, 425px\" \/><\/figure>\n\n\n\n<figure class=\"wp-block-image size-large\"><img decoding=\"async\" loading=\"lazy\" width=\"1823\" height=\"2560\" data-id=\"238\"  src=\"http:\/\/tavernephoto.be\/wp-content\/uploads\/2022\/07\/projet-1-scaled.jpg\" alt=\"\" class=\"wp-image-238\" srcset=\"https:\/\/tavernephoto.be\/wp-content\/uploads\/2022\/07\/projet-1-scaled.jpg 1823w, https:\/\/tavernephoto.be\/wp-content\/uploads\/2022\/07\/projet-1-214x300.jpg 214w, https:\/\/tavernephoto.be\/wp-content\/uploads\/2022\/07\/projet-1-729x1024.jpg 729w, https:\/\/tavernephoto.be\/wp-content\/uploads\/2022\/07\/projet-1-768x1079.jpg 768w, https:\/\/tavernephoto.be\/wp-content\/uploads\/2022\/07\/projet-1-1094x1536.jpg 1094w, https:\/\/tavernephoto.be\/wp-content\/uploads\/2022\/07\/projet-1-1458x2048.jpg 1458w, https:\/\/tavernephoto.be\/wp-content\/uploads\/2022\/07\/projet-1-249x350.jpg 249w\" sizes=\"(max-width: 1823px) 100vw, 1823px\" \/><\/figure>\n\n\n\n<figure class=\"wp-block-image size-large\"><img decoding=\"async\" loading=\"lazy\" width=\"740\" height=\"1024\" data-id=\"318\"  src=\"http:\/\/tavernephoto.be\/wp-content\/uploads\/2022\/07\/Affiche-Noel--740x1024.jpg\" alt=\"\" class=\"wp-image-318\" srcset=\"https:\/\/tavernephoto.be\/wp-content\/uploads\/2022\/07\/Affiche-Noel--740x1024.jpg 740w, https:\/\/tavernephoto.be\/wp-content\/uploads\/2022\/07\/Affiche-Noel--217x300.jpg 217w, https:\/\/tavernephoto.be\/wp-content\/uploads\/2022\/07\/Affiche-Noel--768x1063.jpg 768w, https:\/\/tavernephoto.be\/wp-content\/uploads\/2022\/07\/Affiche-Noel--1110x1536.jpg 1110w, https:\/\/tavernephoto.be\/wp-content\/uploads\/2022\/07\/Affiche-Noel--1480x2048.jpg 1480w, https:\/\/tavernephoto.be\/wp-content\/uploads\/2022\/07\/Affiche-Noel--scaled.jpg 1850w\" sizes=\"(max-width: 740px) 100vw, 740px\" \/><\/figure>\n\n\n\n<figure class=\"wp-block-image size-large\"><img decoding=\"async\" loading=\"lazy\" width=\"740\" height=\"1024\" data-id=\"320\"  src=\"http:\/\/tavernephoto.be\/wp-content\/uploads\/2022\/07\/Final-ClameursMurmures-740x1024.jpg\" alt=\"\" class=\"wp-image-320\" srcset=\"https:\/\/tavernephoto.be\/wp-content\/uploads\/2022\/07\/Final-ClameursMurmures-740x1024.jpg 740w, https:\/\/tavernephoto.be\/wp-content\/uploads\/2022\/07\/Final-ClameursMurmures-217x300.jpg 217w, https:\/\/tavernephoto.be\/wp-content\/uploads\/2022\/07\/Final-ClameursMurmures-768x1063.jpg 768w, https:\/\/tavernephoto.be\/wp-content\/uploads\/2022\/07\/Final-ClameursMurmures-1110x1536.jpg 1110w, https:\/\/tavernephoto.be\/wp-content\/uploads\/2022\/07\/Final-ClameursMurmures-1480x2048.jpg 1480w, https:\/\/tavernephoto.be\/wp-content\/uploads\/2022\/07\/Final-ClameursMurmures-scaled.jpg 1850w\" sizes=\"(max-width: 740px) 100vw, 740px\" \/><\/figure>\n\n\n\n<figure class=\"wp-block-image size-large\"><img decoding=\"async\" loading=\"lazy\" width=\"761\" height=\"1024\" data-id=\"239\"  src=\"http:\/\/tavernephoto.be\/wp-content\/uploads\/2022\/07\/A5-Piano-761x1024.jpg\" alt=\"\" class=\"wp-image-239\" srcset=\"https:\/\/tavernephoto.be\/wp-content\/uploads\/2022\/07\/A5-Piano-761x1024.jpg 761w, https:\/\/tavernephoto.be\/wp-content\/uploads\/2022\/07\/A5-Piano-223x300.jpg 223w, https:\/\/tavernephoto.be\/wp-content\/uploads\/2022\/07\/A5-Piano-768x1034.jpg 768w, https:\/\/tavernephoto.be\/wp-content\/uploads\/2022\/07\/A5-Piano-1141x1536.jpg 1141w, https:\/\/tavernephoto.be\/wp-content\/uploads\/2022\/07\/A5-Piano-1521x2048.jpg 1521w, https:\/\/tavernephoto.be\/wp-content\/uploads\/2022\/07\/A5-Piano-260x350.jpg 260w, https:\/\/tavernephoto.be\/wp-content\/uploads\/2022\/07\/A5-Piano-scaled.jpg 1901w\" sizes=\"(max-width: 761px) 100vw, 761px\" \/><\/figure>\n<\/figure>\n\n\n\n<div class=\"wp-block-buttons is-content-justification-center is-layout-flex wp-container-8\">\n<div class=\"wp-block-button is-style-fill\"><a class=\"wp-block-button__link\" href=\"http:\/\/tavernephoto.be\/index.php\/contact\/\" style=\"border-radius:65px\">Contacts<\/a><\/div>\n<\/div>\n\n\n\n<p><\/p>\n","protected":false},"excerpt":{"rendered":"<p>Je vous propose aujourd&rsquo;hui mes services de Graphiste et de Web Designer pour toutes vos&#8230;<\/p>\n<div class=\"more-link-wrapper\"><a class=\"more-link\" href=\"https:\/\/tavernephoto.be\/index.php\/graphisme-imprimerie\/\">Read the post<span class=\"screen-reader-text\">Graphisme &#8211; Imprimerie<\/span><\/a><\/div>\n","protected":false},"author":1,"featured_media":0,"parent":0,"menu_order":3,"comment_status":"closed","ping_status":"closed","template":"","meta":[],"_links":{"self":[{"href":"https:\/\/tavernephoto.be\/index.php\/wp-json\/wp\/v2\/pages\/177"}],"collection":[{"href":"https:\/\/tavernephoto.be\/index.php\/wp-json\/wp\/v2\/pages"}],"about":[{"href":"https:\/\/tavernephoto.be\/index.php\/wp-json\/wp\/v2\/types\/page"}],"author":[{"embeddable":true,"href":"https:\/\/tavernephoto.be\/index.php\/wp-json\/wp\/v2\/users\/1"}],"replies":[{"embeddable":true,"href":"https:\/\/tavernephoto.be\/index.php\/wp-json\/wp\/v2\/comments?post=177"}],"version-history":[{"count":10,"href":"https:\/\/tavernephoto.be\/index.php\/wp-json\/wp\/v2\/pages\/177\/revisions"}],"predecessor-version":[{"id":321,"href":"https:\/\/tavernephoto.be\/index.php\/wp-json\/wp\/v2\/pages\/177\/revisions\/321"}],"wp:attachment":[{"href":"https:\/\/tavernephoto.be\/index.php\/wp-json\/wp\/v2\/media?parent=177"}],"curies":[{"name":"wp","href":"https:\/\/api.w.org\/{rel}","templated":true}]}}